{"id":3840,"date":"2020-01-23T08:14:55","date_gmt":"2020-01-23T08:14:55","guid":{"rendered":"https:\/\/www.wanrise.com\/chi-siamo\/"},"modified":"2020-02-10T13:30:38","modified_gmt":"2020-02-10T13:30:38","slug":"chi-siamo","status":"publish","type":"page","link":"https:\/\/www.wanrise.com\/it\/chi-siamo\/","title":{"rendered":"Chi siamo"},"content":{"rendered":"<div class=\"wpb-content-wrapper\"><p>[vc_section full_width=&#8221;container-wide&#8221; padding_class=&#8221;wide-0&#8243;][vc_row][vc_column][rev_slider_vc alias=&#8221;about-us&#8221;][\/vc_column][\/vc_row][\/vc_section][vc_section padding_class=&#8221;wide-100&#8243; css=&#8221;.vc_custom_1568021623518{padding-bottom: 0px !important;}&#8221;][vc_row full_width=&#8221;stretch_row_content&#8221; css=&#8221;.vc_custom_1558077094710{padding-bottom: 60px !important;}&#8221;][vc_column][pergo_section_title title=&#8221;Il tuo obiettivo, la nostra sfida&#8221; subtitle=&#8221;WANrise applica la sua vasta esperienza di networking per supportare aziende e service provider con un ampio portafoglio di servizi globali, inclusi l&#8217;accesso al cloud e  trasformazione digitale.&#8221; name_color=&#8221;default&#8221; underline_color=&#8221;underline-image&#8221; subtitle_text_color=&#8221;default&#8221;][\/pergo_section_title][\/vc_column][\/vc_row][vc_row full_width=&#8221;stretch_row&#8221; css=&#8221;.vc_custom_1568020595213{padding-bottom: 60px !important;}&#8221;][vc_column css_animation=&#8221;fadeInUp&#8221; width=&#8221;1\/2&#8243; el_class=&#8221;delay-200&#8243;][pergo_card_box align=&#8221;center&#8221; image=&#8221;https:\/\/www.wanrise.com\/wp-content\/uploads\/2019\/09\/Nicola-Luise.jpg&#8221; title=&#8221;Nicola Luise&#8221; subtitle=&#8221;Cofondatore&#8221; animation_delay=&#8221;300&#8243;]<\/p>\n<p>Appassionato senior business man con un background ingegneristico e quasi trent&#8217;anni di vendite e marketing in ambito internazionale. Con un talento naturale per le pubbliche relazioni, di mentalit\u00e0 aperta, unisce un approccio creativo e innovativo a qualit\u00e0, stile, professionalit\u00e0 ed etica.<\/p>\n<p>[\/pergo_card_box][\/vc_column][vc_column css_animation=&#8221;fadeInUp&#8221; width=&#8221;1\/2&#8243;][pergo_card_box align=&#8221;center&#8221; image=&#8221;https:\/\/www.wanrise.com\/wp-content\/uploads\/2019\/09\/Maria-Pia-Forloni.jpg&#8221; title=&#8221;Maria Pia Forloni&#8221; subtitle=&#8221;Cofondatore&#8221; animation_delay=&#8221;300&#8243;]Senior Manager multilingue con un background ampio e multitasking in ambienti internazionali. Precisa e affidabile di natura, competente ed efficiente per esperienza, di mentalit\u00e0 aperta ed ispirata per evoluzione personale, dedicata e professionale come stile di vita.[\/pergo_card_box][\/vc_column][\/vc_row][\/vc_section][vc_section parallax=&#8221;content-moving&#8221; parallax_image=&#8221;https:\/\/www.wanrise.com\/wp-content\/uploads\/2019\/06\/urban-office-01.jpg&#8221; bg_class=&#8221;bg-dark&#8221; parallax_image_repeat=&#8221;&#8221; parallax_image_position=&#8221;50% 0&#8243; parallax_image_attachment=&#8221;inherit&#8221;][vc_row][vc_column][pergo_call_to_action title=&#8221;Come funziona?&#8221; lead_text=&#8221;Stai pensando di rinnovare la tua rete o progettarla da zero? Siamo in grado di fornire una rete basata su Internet o ibrida (internet + MPLS) totalmente sicura che combina il firewall in cloud di Zscaler con la soluzione VeloCloud SD-WAN. Affidati a noi nella nuova era delle reti: semplici, agili, economiche.&#8221; subtitle=&#8221;Sei interessato ai nostri prodotti?&#8221; params=&#8221;%5B%7B%22button_text%22%3A%22CHIEDI%20UN%20PREVENTIVO%22%2C%22button_url%22%3A%22%2Fit%2Fcontattaci%2F%22%2C%22button_target%22%3A%22_self%22%2C%22button_size%22%3A%22btn-md%22%7D%5D&#8221;][\/vc_column][\/vc_row][\/vc_section]<\/p>\n<\/div>","protected":false},"excerpt":{"rendered":"<p>[vc_section full_width=&#8221;container-wide&#8221; padding_class=&#8221;wide-0&#8243;][vc_row][vc_column][rev_slider_vc alias=&#8221;about-us&#8221;][\/vc_column][\/vc_row][\/vc_section][vc_section padding_class=&#8221;wide-100&#8243; css=&#8221;.vc_custom_1568021623518{padding-bottom: 0px !important;}&#8221;][vc_row full_width=&#8221;stretch_row_content&#8221; css=&#8221;.vc_custom_1558077094710{padding-bottom: 60px !important;}&#8221;][vc_column][pergo_section_title title=&#8221;Il tuo obiettivo, la nostra sfida&#8221; subtitle=&#8221;WANrise applica la sua vasta esperienza di networking per supportare aziende e service provider con un ampio portafoglio di servizi globali, inclusi&#8230;<\/p>\n","protected":false},"author":5,"featured_media":0,"parent":0,"menu_order":0,"comment_status":"closed","ping_status":"closed","template":"templates\/vc-template.php","meta":{"_coblocks_attr":"","_coblocks_dimensions":"","_coblocks_responsive_height":"","_coblocks_accordion_ie_support":"","inline_featured_image":false,"footnotes":""},"class_list":["post-3840","page","type-page","status-publish","hentry"],"yoast_head":"<!-- This site is optimized with the Yoast SEO plugin v27.1.1 - https:\/\/yoast.com\/product\/yoast-seo-wordpress\/ -->\n<title>Wanrise SD-Wan | About Us<\/title>\n<meta name=\"description\" content=\"Discover more about Wanrise.\" \/>\n<meta name=\"robots\" content=\"index, follow, max-snippet:-1, max-image-preview:large, max-video-preview:-1\" \/>\n<link rel=\"canonical\" href=\"https:\/\/www.wanrise.com\/it\/chi-siamo\/\" \/>\n<meta property=\"og:locale\" content=\"it_IT\" \/>\n<meta property=\"og:type\" content=\"article\" \/>\n<meta property=\"og:title\" content=\"Wanrise SD-Wan | About Us\" \/>\n<meta property=\"og:description\" content=\"Discover more about Wanrise.\" \/>\n<meta property=\"og:url\" content=\"https:\/\/www.wanrise.com\/it\/chi-siamo\/\" \/>\n<meta property=\"og:site_name\" content=\"Wanrise\" \/>\n<meta property=\"article:modified_time\" content=\"2020-02-10T13:30:38+00:00\" \/>\n<meta name=\"twitter:card\" content=\"summary_large_image\" \/>\n<meta name=\"twitter:label1\" content=\"Tempo di lettura stimato\" \/>\n\t<meta name=\"twitter:data1\" content=\"2 minuti\" \/>\n<script type=\"application\/ld+json\" class=\"yoast-schema-graph\">{\"@context\":\"https:\/\/schema.org\",\"@graph\":[{\"@type\":\"WebPage\",\"@id\":\"https:\/\/www.wanrise.com\/it\/chi-siamo\/\",\"url\":\"https:\/\/www.wanrise.com\/it\/chi-siamo\/\",\"name\":\"Wanrise SD-Wan | About Us\",\"isPartOf\":{\"@id\":\"https:\/\/www.wanrise.com\/#website\"},\"datePublished\":\"2020-01-23T08:14:55+00:00\",\"dateModified\":\"2020-02-10T13:30:38+00:00\",\"description\":\"Discover more about Wanrise.\",\"breadcrumb\":{\"@id\":\"https:\/\/www.wanrise.com\/it\/chi-siamo\/#breadcrumb\"},\"inLanguage\":\"it-IT\",\"potentialAction\":[{\"@type\":\"ReadAction\",\"target\":[\"https:\/\/www.wanrise.com\/it\/chi-siamo\/\"]}]},{\"@type\":\"BreadcrumbList\",\"@id\":\"https:\/\/www.wanrise.com\/it\/chi-siamo\/#breadcrumb\",\"itemListElement\":[{\"@type\":\"ListItem\",\"position\":1,\"name\":\"Home\",\"item\":\"https:\/\/www.wanrise.com\/it\/home\/\"},{\"@type\":\"ListItem\",\"position\":2,\"name\":\"Chi siamo\"}]},{\"@type\":\"WebSite\",\"@id\":\"https:\/\/www.wanrise.com\/#website\",\"url\":\"https:\/\/www.wanrise.com\/\",\"name\":\"Wanrise\",\"description\":\"The future of connectivity\",\"potentialAction\":[{\"@type\":\"SearchAction\",\"target\":{\"@type\":\"EntryPoint\",\"urlTemplate\":\"https:\/\/www.wanrise.com\/?s={search_term_string}\"},\"query-input\":{\"@type\":\"PropertyValueSpecification\",\"valueRequired\":true,\"valueName\":\"search_term_string\"}}],\"inLanguage\":\"it-IT\"}]}<\/script>\n<!-- \/ Yoast SEO plugin. -->","yoast_head_json":{"title":"Wanrise SD-Wan | About Us","description":"Discover more about Wanrise.","robots":{"index":"index","follow":"follow","max-snippet":"max-snippet:-1","max-image-preview":"max-image-preview:large","max-video-preview":"max-video-preview:-1"},"canonical":"https:\/\/www.wanrise.com\/it\/chi-siamo\/","og_locale":"it_IT","og_type":"article","og_title":"Wanrise SD-Wan | About Us","og_description":"Discover more about Wanrise.","og_url":"https:\/\/www.wanrise.com\/it\/chi-siamo\/","og_site_name":"Wanrise","article_modified_time":"2020-02-10T13:30:38+00:00","twitter_card":"summary_large_image","twitter_misc":{"Tempo di lettura stimato":"2 minuti"},"schema":{"@context":"https:\/\/schema.org","@graph":[{"@type":"WebPage","@id":"https:\/\/www.wanrise.com\/it\/chi-siamo\/","url":"https:\/\/www.wanrise.com\/it\/chi-siamo\/","name":"Wanrise SD-Wan | About Us","isPartOf":{"@id":"https:\/\/www.wanrise.com\/#website"},"datePublished":"2020-01-23T08:14:55+00:00","dateModified":"2020-02-10T13:30:38+00:00","description":"Discover more about Wanrise.","breadcrumb":{"@id":"https:\/\/www.wanrise.com\/it\/chi-siamo\/#breadcrumb"},"inLanguage":"it-IT","potentialAction":[{"@type":"ReadAction","target":["https:\/\/www.wanrise.com\/it\/chi-siamo\/"]}]},{"@type":"BreadcrumbList","@id":"https:\/\/www.wanrise.com\/it\/chi-siamo\/#breadcrumb","itemListElement":[{"@type":"ListItem","position":1,"name":"Home","item":"https:\/\/www.wanrise.com\/it\/home\/"},{"@type":"ListItem","position":2,"name":"Chi siamo"}]},{"@type":"WebSite","@id":"https:\/\/www.wanrise.com\/#website","url":"https:\/\/www.wanrise.com\/","name":"Wanrise","description":"The future of connectivity","potentialAction":[{"@type":"SearchAction","target":{"@type":"EntryPoint","urlTemplate":"https:\/\/www.wanrise.com\/?s={search_term_string}"},"query-input":{"@type":"PropertyValueSpecification","valueRequired":true,"valueName":"search_term_string"}}],"inLanguage":"it-IT"}]}},"post_mailing_queue_ids":[],"_links":{"self":[{"href":"https:\/\/www.wanrise.com\/it\/wp-json\/wp\/v2\/pages\/3840","targetHints":{"allow":["GET"]}}],"collection":[{"href":"https:\/\/www.wanrise.com\/it\/wp-json\/wp\/v2\/pages"}],"about":[{"href":"https:\/\/www.wanrise.com\/it\/wp-json\/wp\/v2\/types\/page"}],"author":[{"embeddable":true,"href":"https:\/\/www.wanrise.com\/it\/wp-json\/wp\/v2\/users\/5"}],"replies":[{"embeddable":true,"href":"https:\/\/www.wanrise.com\/it\/wp-json\/wp\/v2\/comments?post=3840"}],"version-history":[{"count":0,"href":"https:\/\/www.wanrise.com\/it\/wp-json\/wp\/v2\/pages\/3840\/revisions"}],"wp:attachment":[{"href":"https:\/\/www.wanrise.com\/it\/wp-json\/wp\/v2\/media?parent=3840"}],"curies":[{"name":"wp","href":"https:\/\/api.w.org\/{rel}","templated":true}]}}