{"id":3825,"date":"2020-01-22T16:52:42","date_gmt":"2020-01-22T16:52:42","guid":{"rendered":"https:\/\/www.wanrise.com\/servizi\/servizi-professionali\/"},"modified":"2020-10-30T18:25:06","modified_gmt":"2020-10-30T18:25:06","slug":"servizi-professionali","status":"publish","type":"page","link":"https:\/\/www.wanrise.com\/it\/servizi\/servizi-professionali\/","title":{"rendered":"Servizi professionali"},"content":{"rendered":"<div class=\"wpb-content-wrapper\"><p>[vc_section padding_class=&#8221;wide-100&#8243; bg_class=&#8221;bg-deepdark&#8221; css=&#8221;.vc_custom_1560862662426{background-image: url(https:\/\/www.wanrise.com\/wp-content\/uploads\/2019\/06\/traffic-light.jpg?id=3151) !important;}&#8221;][vc_row][vc_column][pergo_hero_business_agency title=&#8221;Servizi Professionali&#8221; lead_text=&#8221;Wanrise offre servizi a 360 gradi per gestire al meglio le reti SD-WAN.&#8221; params=&#8221;%5B%7B%22button_text%22%3A%22Contattaci%22%2C%22button_url%22%3A%22%2Fit%2Fcontattaci%2F%22%2C%22button_target%22%3A%22_self%22%2C%22button_size%22%3A%22btn-md%22%7D%5D&#8221;][\/vc_column][\/vc_row][\/vc_section][vc_section][vc_row equal_height=&#8221;yes&#8221; content_placement=&#8221;middle&#8221;][vc_column width=&#8221;1\/2&#8243;][vc_column_text css_animation=&#8221;slideInLeft&#8221;]<\/p>\n<h4>CONSULENZA<\/h4>\n<ol>\n<li>Studi di fattibilit\u00e0<\/li>\n<li>Valutazione e convenienza dell&#8217;impatto SD-WAN<\/li>\n<\/ol>\n<p>[\/vc_column_text][\/vc_column][vc_column width=&#8221;1\/2&#8243;][vc_single_image source=&#8221;media_library&#8221; image=&#8221;3827&#8243; style=&#8221;vc_box_rounded&#8221; css_animation=&#8221;zoomIn&#8221;][\/vc_column][\/vc_row][vc_row equal_height=&#8221;yes&#8221; content_placement=&#8221;middle&#8221; css=&#8221;.vc_custom_1561130037551{padding-top: 50px !important;padding-bottom: 50px !important;}&#8221;][vc_column width=&#8221;1\/2&#8243;][vc_single_image source=&#8221;media_library&#8221; image=&#8221;3172&#8243; style=&#8221;vc_box_rounded&#8221; css_animation=&#8221;zoomIn&#8221;][\/vc_column][vc_column width=&#8221;1\/2&#8243;][vc_column_text css_animation=&#8221;slideInRight&#8221;]<\/p>\n<h4>POC\/POV<\/h4>\n<p>Wanrise ha una solida esperienza nella fornitura di POC rapidi per dimostrare la qualit\u00e0 della soluzione <strong>VMware SD-WAN<\/strong> e dei servizi Wanrise.[\/vc_column_text][\/vc_column][\/vc_row][vc_row equal_height=&#8221;yes&#8221; content_placement=&#8221;middle&#8221; css=&#8221;.vc_custom_1561130057349{padding-bottom: 50px !important;}&#8221;][vc_column width=&#8221;1\/2&#8243;][vc_column_text css_animation=&#8221;slideInLeft&#8221;]<\/p>\n<h4>DISTRIBUZIONE<\/h4>\n<ul>\n<li>Installazioni remote<\/li>\n<li>Installazione in loco in tutto il mondo<\/li>\n<\/ul>\n<p>[\/vc_column_text][\/vc_column][vc_column width=&#8221;1\/2&#8243;][vc_single_image source=&#8221;media_library&#8221; image=&#8221;3833&#8243; style=&#8221;vc_box_rounded&#8221; css_animation=&#8221;zoomIn&#8221;][\/vc_column][\/vc_row][vc_row equal_height=&#8221;yes&#8221; content_placement=&#8221;middle&#8221; css=&#8221;.vc_custom_1561130082094{padding-bottom: 50px !important;}&#8221;][vc_column width=&#8221;1\/2&#8243;][vc_single_image source=&#8221;media_library&#8221; image=&#8221;3829&#8243; style=&#8221;vc_box_rounded&#8221; css_animation=&#8221;zoomIn&#8221;][\/vc_column][vc_column width=&#8221;1\/2&#8243;][vc_column_text css_animation=&#8221;slideInRight&#8221;]<\/p>\n<h4>SUPPORTO<\/h4>\n<p>Wanrise NOC opera in modalit\u00e0 reattiva o proattiva 24\/7 365 giorni all&#8217;anno. Wanrise gestisce sia gli incidenti (incident management) sia le modifiche (change management). Il NOC garantisce RMA e re-installazione dei dispositivi che sostituiscono unit\u00e0 difettose.<\/p>\n<p>Wanrise utilizza gli strumenti di gestione pi\u00f9 avanzati per coordinare le attivit\u00e0 di supporto, per fornire visibilit\u00e0 multimediale efficiente e accesso ai ticket aperti.[\/vc_column_text][\/vc_column][\/vc_row][vc_row equal_height=&#8221;yes&#8221; content_placement=&#8221;middle&#8221;][vc_column width=&#8221;1\/2&#8243;][vc_column_text css_animation=&#8221;slideInLeft&#8221;]<\/p>\n<h4>FORMAZIONE<\/h4>\n<p>Nella sua training room, Wanrise pu\u00f2 ospitare corsi di formazione fino a 20 studenti per approfondire SD-WAN e argomenti legati alla \u00a0sicurezza.[\/vc_column_text][\/vc_column][vc_column width=&#8221;1\/2&#8243;][vc_single_image source=&#8221;media_library&#8221; image=&#8221;3831&#8243; style=&#8221;vc_box_rounded&#8221; css_animation=&#8221;zoomIn&#8221;][\/vc_column][\/vc_row][\/vc_section]<\/p>\n<\/div>","protected":false},"excerpt":{"rendered":"<p>[vc_section padding_class=&#8221;wide-100&#8243; bg_class=&#8221;bg-deepdark&#8221; css=&#8221;.vc_custom_1560862662426{background-image: url(https:\/\/www.wanrise.com\/wp-content\/uploads\/2019\/06\/traffic-light.jpg?id=3151) !important;}&#8221;][vc_row][vc_column][pergo_hero_business_agency title=&#8221;Servizi Professionali&#8221; lead_text=&#8221;Wanrise offre servizi a 360 gradi per gestire al meglio le reti SD-WAN.&#8221; params=&#8221;%5B%7B%22button_text%22%3A%22Contattaci%22%2C%22button_url%22%3A%22%2Fit%2Fcontattaci%2F%22%2C%22button_target%22%3A%22_self%22%2C%22button_size%22%3A%22btn-md%22%7D%5D&#8221;][\/vc_column][\/vc_row][\/vc_section][vc_section][vc_row equal_height=&#8221;yes&#8221; content_placement=&#8221;middle&#8221;][vc_column width=&#8221;1\/2&#8243;][vc_column_text css_animation=&#8221;slideInLeft&#8221;] CONSULENZA Studi di fattibilit\u00e0 Valutazione e convenienza dell&#8217;impatto SD-WAN [\/vc_column_text][\/vc_column][vc_column width=&#8221;1\/2&#8243;][vc_single_image source=&#8221;media_library&#8221; image=&#8221;3827&#8243; style=&#8221;vc_box_rounded&#8221;&#8230;<\/p>\n","protected":false},"author":5,"featured_media":0,"parent":3802,"menu_order":0,"comment_status":"closed","ping_status":"closed","template":"templates\/vc-template.php","meta":{"_coblocks_attr":"","_coblocks_dimensions":"","_coblocks_responsive_height":"","_coblocks_accordion_ie_support":"","inline_featured_image":false,"footnotes":""},"class_list":["post-3825","page","type-page","status-publish","hentry"],"yoast_head":"<!-- This site is optimized with the Yoast SEO plugin v27.1.1 - https:\/\/yoast.com\/product\/yoast-seo-wordpress\/ -->\n<title>On-site SD-WAN installation all over the world | Wanrise Services<\/title>\n<meta name=\"description\" content=\"Discover our SD-WAN support 24\/7 and 365 days per year. Wanrise manages incidents with NBD device replacement.\" \/>\n<meta name=\"robots\" content=\"index, follow, max-snippet:-1, max-image-preview:large, max-video-preview:-1\" \/>\n<link rel=\"canonical\" href=\"https:\/\/www.wanrise.com\/it\/servizi\/servizi-professionali\/\" \/>\n<meta property=\"og:locale\" content=\"it_IT\" \/>\n<meta property=\"og:type\" content=\"article\" \/>\n<meta property=\"og:title\" content=\"On-site SD-WAN installation all over the world | Wanrise Services\" \/>\n<meta property=\"og:description\" content=\"Discover our SD-WAN support 24\/7 and 365 days per year. Wanrise manages incidents with NBD device replacement.\" \/>\n<meta property=\"og:url\" content=\"https:\/\/www.wanrise.com\/it\/servizi\/servizi-professionali\/\" \/>\n<meta property=\"og:site_name\" content=\"Wanrise\" \/>\n<meta property=\"article:modified_time\" content=\"2020-10-30T18:25:06+00:00\" \/>\n<meta name=\"twitter:card\" content=\"summary_large_image\" \/>\n<meta name=\"twitter:label1\" content=\"Tempo di lettura stimato\" \/>\n\t<meta name=\"twitter:data1\" content=\"2 minuti\" \/>\n<script type=\"application\/ld+json\" class=\"yoast-schema-graph\">{\"@context\":\"https:\/\/schema.org\",\"@graph\":[{\"@type\":\"WebPage\",\"@id\":\"https:\/\/www.wanrise.com\/it\/servizi\/servizi-professionali\/\",\"url\":\"https:\/\/www.wanrise.com\/it\/servizi\/servizi-professionali\/\",\"name\":\"On-site SD-WAN installation all over the world | Wanrise Services\",\"isPartOf\":{\"@id\":\"https:\/\/www.wanrise.com\/#website\"},\"datePublished\":\"2020-01-22T16:52:42+00:00\",\"dateModified\":\"2020-10-30T18:25:06+00:00\",\"description\":\"Discover our SD-WAN support 24\/7 and 365 days per year. Wanrise manages incidents with NBD device replacement.\",\"breadcrumb\":{\"@id\":\"https:\/\/www.wanrise.com\/it\/servizi\/servizi-professionali\/#breadcrumb\"},\"inLanguage\":\"it-IT\",\"potentialAction\":[{\"@type\":\"ReadAction\",\"target\":[\"https:\/\/www.wanrise.com\/it\/servizi\/servizi-professionali\/\"]}]},{\"@type\":\"BreadcrumbList\",\"@id\":\"https:\/\/www.wanrise.com\/it\/servizi\/servizi-professionali\/#breadcrumb\",\"itemListElement\":[{\"@type\":\"ListItem\",\"position\":1,\"name\":\"Home\",\"item\":\"https:\/\/www.wanrise.com\/it\/home\/\"},{\"@type\":\"ListItem\",\"position\":2,\"name\":\"Servizi\",\"item\":\"https:\/\/www.wanrise.com\/it\/servizi\/\"},{\"@type\":\"ListItem\",\"position\":3,\"name\":\"Servizi professionali\"}]},{\"@type\":\"WebSite\",\"@id\":\"https:\/\/www.wanrise.com\/#website\",\"url\":\"https:\/\/www.wanrise.com\/\",\"name\":\"Wanrise\",\"description\":\"The future of connectivity\",\"potentialAction\":[{\"@type\":\"SearchAction\",\"target\":{\"@type\":\"EntryPoint\",\"urlTemplate\":\"https:\/\/www.wanrise.com\/?s={search_term_string}\"},\"query-input\":{\"@type\":\"PropertyValueSpecification\",\"valueRequired\":true,\"valueName\":\"search_term_string\"}}],\"inLanguage\":\"it-IT\"}]}<\/script>\n<!-- \/ Yoast SEO plugin. -->","yoast_head_json":{"title":"On-site SD-WAN installation all over the world | Wanrise Services","description":"Discover our SD-WAN support 24\/7 and 365 days per year. Wanrise manages incidents with NBD device replacement.","robots":{"index":"index","follow":"follow","max-snippet":"max-snippet:-1","max-image-preview":"max-image-preview:large","max-video-preview":"max-video-preview:-1"},"canonical":"https:\/\/www.wanrise.com\/it\/servizi\/servizi-professionali\/","og_locale":"it_IT","og_type":"article","og_title":"On-site SD-WAN installation all over the world | Wanrise Services","og_description":"Discover our SD-WAN support 24\/7 and 365 days per year. Wanrise manages incidents with NBD device replacement.","og_url":"https:\/\/www.wanrise.com\/it\/servizi\/servizi-professionali\/","og_site_name":"Wanrise","article_modified_time":"2020-10-30T18:25:06+00:00","twitter_card":"summary_large_image","twitter_misc":{"Tempo di lettura stimato":"2 minuti"},"schema":{"@context":"https:\/\/schema.org","@graph":[{"@type":"WebPage","@id":"https:\/\/www.wanrise.com\/it\/servizi\/servizi-professionali\/","url":"https:\/\/www.wanrise.com\/it\/servizi\/servizi-professionali\/","name":"On-site SD-WAN installation all over the world | Wanrise Services","isPartOf":{"@id":"https:\/\/www.wanrise.com\/#website"},"datePublished":"2020-01-22T16:52:42+00:00","dateModified":"2020-10-30T18:25:06+00:00","description":"Discover our SD-WAN support 24\/7 and 365 days per year. Wanrise manages incidents with NBD device replacement.","breadcrumb":{"@id":"https:\/\/www.wanrise.com\/it\/servizi\/servizi-professionali\/#breadcrumb"},"inLanguage":"it-IT","potentialAction":[{"@type":"ReadAction","target":["https:\/\/www.wanrise.com\/it\/servizi\/servizi-professionali\/"]}]},{"@type":"BreadcrumbList","@id":"https:\/\/www.wanrise.com\/it\/servizi\/servizi-professionali\/#breadcrumb","itemListElement":[{"@type":"ListItem","position":1,"name":"Home","item":"https:\/\/www.wanrise.com\/it\/home\/"},{"@type":"ListItem","position":2,"name":"Servizi","item":"https:\/\/www.wanrise.com\/it\/servizi\/"},{"@type":"ListItem","position":3,"name":"Servizi professionali"}]},{"@type":"WebSite","@id":"https:\/\/www.wanrise.com\/#website","url":"https:\/\/www.wanrise.com\/","name":"Wanrise","description":"The future of connectivity","potentialAction":[{"@type":"SearchAction","target":{"@type":"EntryPoint","urlTemplate":"https:\/\/www.wanrise.com\/?s={search_term_string}"},"query-input":{"@type":"PropertyValueSpecification","valueRequired":true,"valueName":"search_term_string"}}],"inLanguage":"it-IT"}]}},"post_mailing_queue_ids":[],"_links":{"self":[{"href":"https:\/\/www.wanrise.com\/it\/wp-json\/wp\/v2\/pages\/3825","targetHints":{"allow":["GET"]}}],"collection":[{"href":"https:\/\/www.wanrise.com\/it\/wp-json\/wp\/v2\/pages"}],"about":[{"href":"https:\/\/www.wanrise.com\/it\/wp-json\/wp\/v2\/types\/page"}],"author":[{"embeddable":true,"href":"https:\/\/www.wanrise.com\/it\/wp-json\/wp\/v2\/users\/5"}],"replies":[{"embeddable":true,"href":"https:\/\/www.wanrise.com\/it\/wp-json\/wp\/v2\/comments?post=3825"}],"version-history":[{"count":1,"href":"https:\/\/www.wanrise.com\/it\/wp-json\/wp\/v2\/pages\/3825\/revisions"}],"predecessor-version":[{"id":4038,"href":"https:\/\/www.wanrise.com\/it\/wp-json\/wp\/v2\/pages\/3825\/revisions\/4038"}],"up":[{"embeddable":true,"href":"https:\/\/www.wanrise.com\/it\/wp-json\/wp\/v2\/pages\/3802"}],"wp:attachment":[{"href":"https:\/\/www.wanrise.com\/it\/wp-json\/wp\/v2\/media?parent=3825"}],"curies":[{"name":"wp","href":"https:\/\/api.w.org\/{rel}","templated":true}]}}