{"id":3802,"date":"2020-01-22T16:28:31","date_gmt":"2020-01-22T16:28:31","guid":{"rendered":"https:\/\/www.wanrise.com\/servizi\/"},"modified":"2023-05-24T15:52:21","modified_gmt":"2023-05-24T15:52:21","slug":"servizi","status":"publish","type":"page","link":"https:\/\/www.wanrise.com\/it\/servizi\/","title":{"rendered":"Servizi"},"content":{"rendered":"<div class=\"wpb-content-wrapper\"><p>[vc_section full_width=&#8221;container-wide&#8221;][vc_row][vc_column][pergo_hero_medical_health bg=&#8221;https:\/\/www.wanrise.com\/wp-content\/uploads\/2019\/07\/core-services.jpg&#8221; title=&#8221;I nostri servizi&#8221; lead_text=&#8221;I servizi professionali legati al networking rappresentano il punto chiave di Wanrise. Come esperti in reti SD-WAN\/SASE, supportiamo i nostri clienti a partire dalla progettazione e dal POC fino alla gestione della rete in full-outsourcing.&#8221; params=&#8221;%5B%7B%22button_text%22%3A%22Scopri%20di%20pi%C3%B9%22%2C%22button_url%22%3A%22%23services%22%2C%22button_target%22%3A%22_self%22%2C%22button_style%22%3A%22btn-tra-white%22%2C%22button_size%22%3A%22btn-md%22%7D%5D&#8221;][\/pergo_hero_medical_health][\/vc_column][\/vc_row][\/vc_section][vc_section bg_class=&#8221;bg-lightgrey&#8221;][vc_row column_style=&#8221;no-spacing-column&#8221;][vc_column][vc_custom_heading text=&#8221;Le reti fanno parte dell&#8217;infrastruttura principale delle imprese.&#8221; font_container=&#8221;tag:h2|text_align:center&#8221; use_theme_fonts=&#8221;yes&#8221;][vc_custom_heading text=&#8221;Offrire una soluzione SD-WAN\/SASE altamente affidabile, sicura ed efficiente \u00e8 solo il primo passo. \u00c8 obbligatorio supportarla in modo efficace , fornendo tempi di risposta rapidi e supporto costante per la gestione delle modifiche.<\/p>\n<p>Con un NOC 24\/7, Wanrise \u00e8 in grado di supportare le reti dei clienti attraverso molteplici fusi orari e continenti diversi. Il nostro magazzino locale con le sue procedure automatizzate consente a Wanrise di gestire la consegna in loco il giorno lavorativo successivo in quasi tutto il mondo.&#8221; font_container=&#8221;tag:p|font_size:16pt|text_align:justify&#8221; use_theme_fonts=&#8221;yes&#8221;][\/vc_column][\/vc_row][\/vc_section][vc_section el_id=&#8221;services&#8221;][vc_row][vc_column width=&#8221;1\/2&#8243;][pergo_service_box style=&#8221;sbox-4&#8243; icon_color=&#8221;rose&#8221; icon=&#8221;flaticon-edit-1&#8243; title=&#8221;Design&#8221; subtitle=&#8221;Grazie all&#8217;esperienza attiva di oltre 4 anni su SD-WAN\/SASE, Wanrise \u00e8 in grado di progettare con precisione nuove soluzioni in un contesto di trasformazione digitale che aiuta le aziende a migrare la propria rete verso il futuro. La trasformazione digitale sta interessando diversi segmenti IT e la rete \u00e8 una dei pi\u00f9 importanti. IaaS e SaaS sono sempre pi\u00f9 presenti nel paradigma IT e il nostro design facilita la migrazione oltre a ottimizzare prestazioni, sicurezza e costi.&#8221; css_animation=&#8221;fadeInUp&#8221; animation_delay=&#8221;300&#8243; subtitle_font_container=&#8221;text_color:default-color|text_underline:none|font_size:1rem|&#8221;][\/vc_column][vc_column width=&#8221;1\/2&#8243;][pergo_service_box style=&#8221;sbox-4&#8243; icon_color=&#8221;rose&#8221; icon=&#8221;flaticon-share-2&#8243; title=&#8221;POC&#8221; subtitle=&#8221;Wanrise \u00e8 in grado di eseguire in modo efficiente diversi tipi di POC, compresi quelli in produzione. Ci facciamo carico dell&#8217;investimento di tempo ed i costi relativi perch\u00e9 vogliamo che i clienti testino ci\u00f2 che offriamo confidenti che non facciano un passo indietro.&#8221; css_animation=&#8221;fadeInUp&#8221; animation_delay=&#8221;300&#8243; subtitle_font_container=&#8221;text_color:default-color|text_underline:none|font_size:1rem|&#8221;][\/vc_column][\/vc_row][vc_row][vc_column width=&#8221;1\/2&#8243;][pergo_service_box style=&#8221;sbox-4&#8243; icon_color=&#8221;rose&#8221; icon=&#8221;flaticon-like&#8221; title=&#8221;Realizzazione&#8221; subtitle=&#8221;Il Dipartimento Tecnico Wanrise \u00e8 in grado di installare in tutto il mondo, grazie al nostro staff specializzato e ad accordi internazionali con terze parti. Il nostro personale \u00e8 adeguatamente formato e certificato per massimizzare l&#8217;efficienza nel branch office e la tecnologia Wanrise consente di ridurre al minimo l&#8217;attivit\u00e0 on site centralizzando la maggior parte del lavoro.&#8221; css_animation=&#8221;fadeInUp&#8221; animation_delay=&#8221;300&#8243; subtitle_font_container=&#8221;text_color:default-color|text_underline:none|font_size:1rem|&#8221;][\/vc_column][vc_column width=&#8221;1\/2&#8243;][pergo_service_box style=&#8221;sbox-4&#8243; icon_color=&#8221;rose&#8221; icon=&#8221;flaticon-television-1&#8243; title=&#8221;Managed Services&#8221; subtitle=&#8221;Wanrise offre supporto e servizi gestiti per guidare al meglio l&#8217;evoluzione della rete aziendale. Wanrise monitora le reti dei propri clienti per rispondere in base al diverso livello di SLA. Wanrise utilizza magazzini distribuiti (USA, Italia) per spedire le unit\u00e0 difettose in anticipo e coordinare le procedure di sostituzione.&#8221; css_animation=&#8221;fadeInUp&#8221; animation_delay=&#8221;300&#8243; subtitle_font_container=&#8221;text_color:default-color|text_underline:none|font_size:1rem|&#8221;][\/vc_column][\/vc_row][\/vc_section]<\/p>\n<\/div>","protected":false},"excerpt":{"rendered":"<p>[vc_section full_width=&#8221;container-wide&#8221;][vc_row][vc_column][pergo_hero_medical_health bg=&#8221;https:\/\/www.wanrise.com\/wp-content\/uploads\/2019\/07\/core-services.jpg&#8221; title=&#8221;I nostri servizi&#8221; lead_text=&#8221;I servizi professionali legati al networking rappresentano il punto chiave di Wanrise. Come esperti in reti SD-WAN\/SASE, supportiamo i nostri clienti a partire dalla progettazione e dal POC fino alla gestione della rete in&#8230;<\/p>\n","protected":false},"author":5,"featured_media":0,"parent":0,"menu_order":0,"comment_status":"closed","ping_status":"closed","template":"templates\/vc-template.php","meta":{"_coblocks_attr":"","_coblocks_dimensions":"","_coblocks_responsive_height":"","_coblocks_accordion_ie_support":"","inline_featured_image":false,"footnotes":""},"class_list":["post-3802","page","type-page","status-publish","hentry"],"yoast_head":"<!-- This site is optimized with the Yoast SEO plugin v27.1.1 - https:\/\/yoast.com\/product\/yoast-seo-wordpress\/ -->\n<title>SD-WAN Supports customer networks everywhere and everytime<\/title>\n<meta name=\"description\" content=\"Contact us to migrate your network towards the future with SD-WAN deployment. Wanrise is able to accurately design new transformation solutions.\" \/>\n<meta name=\"robots\" content=\"index, follow, max-snippet:-1, max-image-preview:large, max-video-preview:-1\" \/>\n<link rel=\"canonical\" href=\"https:\/\/www.wanrise.com\/it\/servizi\/\" \/>\n<meta property=\"og:locale\" content=\"it_IT\" \/>\n<meta property=\"og:type\" content=\"article\" \/>\n<meta property=\"og:title\" content=\"SD-WAN Supports customer networks everywhere and everytime\" \/>\n<meta property=\"og:description\" content=\"Contact us to migrate your network towards the future with SD-WAN deployment. Wanrise is able to accurately design new transformation solutions.\" \/>\n<meta property=\"og:url\" content=\"https:\/\/www.wanrise.com\/it\/servizi\/\" \/>\n<meta property=\"og:site_name\" content=\"Wanrise\" \/>\n<meta property=\"article:modified_time\" content=\"2023-05-24T15:52:21+00:00\" \/>\n<meta name=\"twitter:card\" content=\"summary_large_image\" \/>\n<meta name=\"twitter:label1\" content=\"Tempo di lettura stimato\" \/>\n\t<meta name=\"twitter:data1\" content=\"2 minuti\" \/>\n<script type=\"application\/ld+json\" class=\"yoast-schema-graph\">{\"@context\":\"https:\/\/schema.org\",\"@graph\":[{\"@type\":\"WebPage\",\"@id\":\"https:\/\/www.wanrise.com\/it\/servizi\/\",\"url\":\"https:\/\/www.wanrise.com\/it\/servizi\/\",\"name\":\"SD-WAN Supports customer networks everywhere and everytime\",\"isPartOf\":{\"@id\":\"https:\/\/www.wanrise.com\/#website\"},\"datePublished\":\"2020-01-22T16:28:31+00:00\",\"dateModified\":\"2023-05-24T15:52:21+00:00\",\"description\":\"Contact us to migrate your network towards the future with SD-WAN deployment. Wanrise is able to accurately design new transformation solutions.\",\"breadcrumb\":{\"@id\":\"https:\/\/www.wanrise.com\/it\/servizi\/#breadcrumb\"},\"inLanguage\":\"it-IT\",\"potentialAction\":[{\"@type\":\"ReadAction\",\"target\":[\"https:\/\/www.wanrise.com\/it\/servizi\/\"]}]},{\"@type\":\"BreadcrumbList\",\"@id\":\"https:\/\/www.wanrise.com\/it\/servizi\/#breadcrumb\",\"itemListElement\":[{\"@type\":\"ListItem\",\"position\":1,\"name\":\"Home\",\"item\":\"https:\/\/www.wanrise.com\/it\/home\/\"},{\"@type\":\"ListItem\",\"position\":2,\"name\":\"Servizi\"}]},{\"@type\":\"WebSite\",\"@id\":\"https:\/\/www.wanrise.com\/#website\",\"url\":\"https:\/\/www.wanrise.com\/\",\"name\":\"Wanrise\",\"description\":\"The future of connectivity\",\"potentialAction\":[{\"@type\":\"SearchAction\",\"target\":{\"@type\":\"EntryPoint\",\"urlTemplate\":\"https:\/\/www.wanrise.com\/?s={search_term_string}\"},\"query-input\":{\"@type\":\"PropertyValueSpecification\",\"valueRequired\":true,\"valueName\":\"search_term_string\"}}],\"inLanguage\":\"it-IT\"}]}<\/script>\n<!-- \/ Yoast SEO plugin. -->","yoast_head_json":{"title":"SD-WAN Supports customer networks everywhere and everytime","description":"Contact us to migrate your network towards the future with SD-WAN deployment. Wanrise is able to accurately design new transformation solutions.","robots":{"index":"index","follow":"follow","max-snippet":"max-snippet:-1","max-image-preview":"max-image-preview:large","max-video-preview":"max-video-preview:-1"},"canonical":"https:\/\/www.wanrise.com\/it\/servizi\/","og_locale":"it_IT","og_type":"article","og_title":"SD-WAN Supports customer networks everywhere and everytime","og_description":"Contact us to migrate your network towards the future with SD-WAN deployment. Wanrise is able to accurately design new transformation solutions.","og_url":"https:\/\/www.wanrise.com\/it\/servizi\/","og_site_name":"Wanrise","article_modified_time":"2023-05-24T15:52:21+00:00","twitter_card":"summary_large_image","twitter_misc":{"Tempo di lettura stimato":"2 minuti"},"schema":{"@context":"https:\/\/schema.org","@graph":[{"@type":"WebPage","@id":"https:\/\/www.wanrise.com\/it\/servizi\/","url":"https:\/\/www.wanrise.com\/it\/servizi\/","name":"SD-WAN Supports customer networks everywhere and everytime","isPartOf":{"@id":"https:\/\/www.wanrise.com\/#website"},"datePublished":"2020-01-22T16:28:31+00:00","dateModified":"2023-05-24T15:52:21+00:00","description":"Contact us to migrate your network towards the future with SD-WAN deployment. Wanrise is able to accurately design new transformation solutions.","breadcrumb":{"@id":"https:\/\/www.wanrise.com\/it\/servizi\/#breadcrumb"},"inLanguage":"it-IT","potentialAction":[{"@type":"ReadAction","target":["https:\/\/www.wanrise.com\/it\/servizi\/"]}]},{"@type":"BreadcrumbList","@id":"https:\/\/www.wanrise.com\/it\/servizi\/#breadcrumb","itemListElement":[{"@type":"ListItem","position":1,"name":"Home","item":"https:\/\/www.wanrise.com\/it\/home\/"},{"@type":"ListItem","position":2,"name":"Servizi"}]},{"@type":"WebSite","@id":"https:\/\/www.wanrise.com\/#website","url":"https:\/\/www.wanrise.com\/","name":"Wanrise","description":"The future of connectivity","potentialAction":[{"@type":"SearchAction","target":{"@type":"EntryPoint","urlTemplate":"https:\/\/www.wanrise.com\/?s={search_term_string}"},"query-input":{"@type":"PropertyValueSpecification","valueRequired":true,"valueName":"search_term_string"}}],"inLanguage":"it-IT"}]}},"post_mailing_queue_ids":[],"_links":{"self":[{"href":"https:\/\/www.wanrise.com\/it\/wp-json\/wp\/v2\/pages\/3802","targetHints":{"allow":["GET"]}}],"collection":[{"href":"https:\/\/www.wanrise.com\/it\/wp-json\/wp\/v2\/pages"}],"about":[{"href":"https:\/\/www.wanrise.com\/it\/wp-json\/wp\/v2\/types\/page"}],"author":[{"embeddable":true,"href":"https:\/\/www.wanrise.com\/it\/wp-json\/wp\/v2\/users\/5"}],"replies":[{"embeddable":true,"href":"https:\/\/www.wanrise.com\/it\/wp-json\/wp\/v2\/comments?post=3802"}],"version-history":[{"count":2,"href":"https:\/\/www.wanrise.com\/it\/wp-json\/wp\/v2\/pages\/3802\/revisions"}],"predecessor-version":[{"id":4142,"href":"https:\/\/www.wanrise.com\/it\/wp-json\/wp\/v2\/pages\/3802\/revisions\/4142"}],"wp:attachment":[{"href":"https:\/\/www.wanrise.com\/it\/wp-json\/wp\/v2\/media?parent=3802"}],"curies":[{"name":"wp","href":"https:\/\/api.w.org\/{rel}","templated":true}]}}