{"id":3727,"date":"2020-01-22T10:54:33","date_gmt":"2020-01-22T10:54:33","guid":{"rendered":"https:\/\/www.wanrise.com\/sd-wan\/"},"modified":"2023-05-24T15:48:53","modified_gmt":"2023-05-24T15:48:53","slug":"sd-wan","status":"publish","type":"page","link":"https:\/\/www.wanrise.com\/it\/sd-wan\/","title":{"rendered":"SD-WAN"},"content":{"rendered":"<div class=\"wpb-content-wrapper\"><p>[vc_section padding_class=&#8221;wide-100&#8243; bg_class=&#8221;bg-deepdark&#8221; css=&#8221;.vc_custom_1558099986802{background-image: url(https:\/\/www.wanrise.com\/wp-content\/uploads\/2019\/05\/global-connection-orange.jpg?id=2900) !important;background-position: center !important;background-repeat: no-repeat !important;background-size: cover !important;}&#8221;][vc_row][vc_column][pergo_hero_business_agency title=&#8221;SASE\/SD-WAN&#8221; lead_text=&#8221;\u00c8 un modo di approcciarsi alla \u201cdigital transformation\u201d semplificando il networking per le aziende multisede e assicurando prestazioni ottimali.&#8221; params=&#8221;%5B%7B%22button_text%22%3A%22Scopri%20di%20pi%C3%B9%22%2C%22button_url%22%3A%22%2Fit%2Fcontattaci%2F%22%2C%22button_target%22%3A%22_self%22%2C%22button_style%22%3A%22btn-tra-white%22%2C%22button_size%22%3A%22btn-md%22%7D%5D&#8221;][\/vc_column][\/vc_row][\/vc_section][vc_section padding_class=&#8221;wide-100&#8243;][vc_row][vc_column][pergo_section_title title=&#8221;Cosa sono {SASE\/SD-WAN}&#8221; subtitle=&#8221;L&#8217;ecosistema IT si \u00e8 rapidamente evoluto passando da un\u2019architettura Hub-and-Spoke a servizi basati su Cloud, che richiedono nuovi modi di progettare reti efficienti enfatizzando nuovi paradigmi:&#8221; underline_color=&#8221;underline-image&#8221;][\/pergo_section_title][\/vc_column][\/vc_row][vc_row full_width=&#8221;stretch_row_content&#8221; gap=&#8221;20&#8243; equal_height=&#8221;yes&#8221;][vc_column width=&#8221;1\/4&#8243;][pergo_service_box style=&#8221;sbox-6&#8243; icon_color=&#8221;rose&#8221; icon=&#8221;flaticon-app&#8221; title=&#8221;Semplicit\u00e0&#8221; subtitle=&#8221;&#8221; css_animation=&#8221;slideInDown&#8221; animation_delay=&#8221;100&#8243;][\/vc_column][vc_column width=&#8221;1\/4&#8243;][pergo_service_box style=&#8221;sbox-6&#8243; icon_color=&#8221;rose&#8221; icon=&#8221;flaticon-network&#8221; title=&#8221;Resilienza&#8221; subtitle=&#8221;&#8221; css_animation=&#8221;fadeInDown&#8221; animation_delay=&#8221;300&#8243;][\/vc_column][vc_column width=&#8221;1\/4&#8243;][pergo_service_box style=&#8221;sbox-6&#8243; icon_color=&#8221;rose&#8221; icon=&#8221;flaticon-calculator&#8221; title=&#8221;Risparmio&#8221; subtitle=&#8221;&#8221; css_animation=&#8221;slideInDown&#8221; animation_delay=&#8221;600&#8243;][\/vc_column][vc_column width=&#8221;1\/4&#8243;][pergo_service_box style=&#8221;sbox-6&#8243; icon_color=&#8221;rose&#8221; icon=&#8221;flaticon-stopwatch-3&#8243; title=&#8221;Performance&#8221; subtitle=&#8221;&#8221; css_animation=&#8221;slideInDown&#8221; animation_delay=&#8221;1200&#8243;][\/vc_column][\/vc_row][\/vc_section][vc_section padding_class=&#8221;wide-100&#8243; css=&#8221;.vc_custom_1545051908670{background-color: #f8f8f8 !important;}&#8221;][vc_row equal_height=&#8221;yes&#8221; el_class=&#8221;pt-0 mt-0&#8243;][vc_column][vc_row_inner][vc_column_inner][pergo_section_title title=&#8221;L&#8217; Approccio {SASE}&#8221; subtitle=&#8221;Ogni azienda che si sta approcciando ad una migrazione verso i sistemi in Cloud, che sia ancora nel corso del processo, o che abbia gi\u00e0 migrato, considera oggigiorno una soluzione SD-WAN\/SASE.  Nuove esigenze richiedono nuove soluzioni.&#8221; underline_color=&#8221;underline-image&#8221;][\/pergo_section_title][\/vc_column_inner][\/vc_row_inner][vc_row_inner equal_height=&#8221;yes&#8221; content_placement=&#8221;middle&#8221;][vc_column_inner width=&#8221;1\/3&#8243;][pergo_service_box style=&#8221;sbox-6&#8243; icon_color=&#8221;yellow&#8221; icon=&#8221;flaticon-paper-plane-1&#8243; title=&#8221;Indipendenza dal tipo di connettivit\u00e0&#8221; subtitle=&#8221;Con SD-WAN\/SASE il trasporto pu\u00f2 essere eterogeneo: MPLS, Internet a banda larga, LTE, 4G, 5G possono essere utilizzati simultaneamente ed al meglio per massimizzare le prestazioni e l\u2019efficacia dei servizi.&#8221; css_animation=&#8221;fadeInUp&#8221; animation_delay=&#8221;300&#8243; title_font_container=&#8221;tag:h4|size:md|text_color:default-color|text_underline:none|&#8221;][\/vc_column_inner][vc_column_inner width=&#8221;1\/3&#8243;][pergo_service_box style=&#8221;sbox-6&#8243; icon_color=&#8221;lightgreen&#8221; icon=&#8221;flaticon-sign-1&#8243; title=&#8221;Selezione del percorso dinamico&#8221; subtitle=&#8221;Gli algoritmi utilizzano la tecnologia di \u201cpacket steering\u201d per indirizzare ciascun pacchetto nel modo migliore. I percorsi sono monitorati in tempo reale e il sistema indirizza il traffico in base alle policy aziendali predefinite.&#8221; css_animation=&#8221;fadeInUp&#8221; animation_delay=&#8221;300&#8243; title_font_container=&#8221;tag:h4|size:md|text_color:Default|text_underline:none|&#8221;][\/vc_column_inner][vc_column_inner width=&#8221;1\/3&#8243;][pergo_service_box style=&#8221;sbox-6&#8243; icon_color=&#8221;blue&#8221; icon=&#8221;flaticon-locked-6&#8243; title=&#8221;Costruzione di un Overlay sicuro&#8221; subtitle=&#8221;La tecnologia SD-WAN\/SASE utilizza un overlay IP SEC per creare automaticamente tunnel che collegano i branch office a hub e claud gateway.&#8221; css_animation=&#8221;fadeInUp&#8221; animation_delay=&#8221;300&#8243; title_font_container=&#8221;tag:h4|size:md|text_color:Default|text_underline:none|&#8221;][\/vc_column_inner][\/vc_row_inner][vc_row_inner content_placement=&#8221;middle&#8221;][vc_column_inner width=&#8221;1\/3&#8243;][pergo_service_box style=&#8221;sbox-6&#8243; icon_color=&#8221;red&#8221; icon=&#8221;flaticon-television-1&#8243; title=&#8221;Interfaccia semplice e centralizzata&#8221; subtitle=&#8221;Un \u201corchestratore\u201d in cloud pu\u00f2 gestire l&#8217;intera rete. Una singola entit\u00e0 \u00e8 quindi in grado di configurare nuovi siti e modificare le policy aziendali.&#8221; css_animation=&#8221;fadeInUp&#8221; animation_delay=&#8221;300&#8243; title_font_container=&#8221;tag:h4|size:md|text_color:Default|text_underline:none|&#8221;][\/vc_column_inner][vc_column_inner width=&#8221;1\/3&#8243;][pergo_service_box style=&#8221;sbox-6&#8243; icon_color=&#8221;purple&#8221; icon=&#8221;flaticon-magic-wand&#8221; title=&#8221;Operazioni di rete semplificate&#8221; subtitle=&#8221;Con il provisioning \u201czero-touch\u201d di SD-WAN\/SASE e la gestione centralizzata dall&#8217; orchestrator, le operazioni di rete diventano semplici e  agevolileggere. Il supporto ad eventuali problematiche e la gestione delle modifiche sono gestiti facilmente da un Centro di competenza centralizzato (NOC).&#8221; css_animation=&#8221;fadeInUp&#8221; animation_delay=&#8221;300&#8243; title_font_container=&#8221;tag:h4|size:md|text_color:Default|text_underline:none|&#8221;][\/vc_column_inner][vc_column_inner width=&#8221;1\/3&#8243;][pergo_service_box style=&#8221;sbox-6&#8243; icon_color=&#8221;skyblue&#8221; icon=&#8221;flaticon-cloud-computing-2&#8243; title=&#8221;Accesso diretto al Cloud&#8221; subtitle=&#8221;VMware SD-WAN\/SASE di VeloCloud \u00e8 nato come servizio cloud. \u201cCloud delivered SD-WAN\/SASE network\u201d  \u00e8 uno dei claim principali dell\u2019azienda. I cloud Gateways sparsi in tutto il mondo, vengono utilizzati per connettersi in modo sicuro e diretto alcon le applicazioni cloud. Semplicit\u00e0 e alte prestazioni sono le conseguenze dirette di tale architettura.&#8221; css_animation=&#8221;fadeInUp&#8221; animation_delay=&#8221;300&#8243; title_font_container=&#8221;tag:h4|size:md|text_color:Default|text_underline:none|&#8221;][\/vc_column_inner][\/vc_row_inner][\/vc_column][\/vc_row][vc_column width=&#8221;1\/3&#8243;][\/vc_column][\/vc_section][vc_section][vc_row equal_height=&#8221;yes&#8221; content_placement=&#8221;middle&#8221;][vc_column width=&#8221;1\/2&#8243;][pergo_what_we_do_best subtitle=&#8221;&#8221; title=&#8221;PRIMA&#8221; lead_text=&#8221;Costoso, complesso e inefficiente&#8221;]Le reti tradizionali si basano su costose linee private che richiedono molto tempo per il provisioning e sono complesse da impostare e configurare. Spesso gli operatori impiegano mesi per attivare una linea MPLS a bassa larghezza di banda e solo un esperto di reti \u00e8 in grado di configurarla nell&#8217;ecosistema aziendale con lunghe stringhe di istruzioni basate sulla CLI.<\/p>\n<p>Viene utilizzato un singolo livello di trasporto, la dipendenza dal provider \u00e8 molto elevata e la flessibilit\u00e0 \u00e8 minima.[\/pergo_what_we_do_best][\/vc_column][vc_column css_animation=&#8221;none&#8221; width=&#8221;1\/2&#8243;][vc_column_text css_animation=&#8221;none&#8221;]<\/p>\n<h5 style=\"text-align: center; color: #f05155; font-weight: 100;\">VMware SD-WAN<\/h5>\n<h3 style=\"text-align: center;\">Costoso, complesso e inefficiente<\/h3>\n<p>&nbsp;<\/p>\n<p style=\"text-align: center;\"><a href=\"https:\/\/www.wanrise.com\/wp-content\/uploads\/2018\/12\/graph-01-r2.svg\"><img decoding=\"async\" class=\"alignnone wp-image-2504 size-full\" src=\"https:\/\/www.wanrise.com\/wp-content\/uploads\/2018\/12\/graph-01-r2.svg\" alt=\"NSX SD-WAN By VeloCloud\" \/><\/a><\/p>\n<p>&nbsp;[\/vc_column_text][\/vc_column][\/vc_row][\/vc_section][vc_section css=&#8221;.vc_custom_1545060243885{background-color: #f8f8f8 !important;}&#8221;][vc_row equal_height=&#8221;yes&#8221; content_placement=&#8221;middle&#8221;][vc_column css_animation=&#8221;none&#8221; width=&#8221;1\/2&#8243;][vc_column_text css_animation=&#8221;none&#8221;]<\/p>\n<h5 style=\"text-align: center; color: #f05155; font-weight: 100;\">VMware SD-WAN<\/h5>\n<h3 style=\"text-align: center;\">Il Cloud \u00e8 la rete<\/h3>\n<p>&nbsp;<\/p>\n<p style=\"text-align: center;\"><a href=\"https:\/\/www.wanrise.com\/wp-content\/uploads\/2023\/05\/graph-02-r3.svg\"><img decoding=\"async\" class=\"alignnone wp-image-4116 size-full\" src=\"https:\/\/www.wanrise.com\/wp-content\/uploads\/2023\/05\/graph-02-r3.svg\" alt=\"\" \/><\/a><\/p>\n<p>&nbsp;[\/vc_column_text][\/vc_column][vc_column width=&#8221;1\/2&#8243;][pergo_what_we_do_best subtitle=&#8221;&#8221; title=&#8221;DOPO&#8221; lead_text=&#8221;Il Cloud \u00e8 la rete&#8221;]SD-WAN utilizza diversi livelli di trasporto tra cui Internet Mobile che sono pi\u00f9 economici delle linee MPLS. Sono anche molto veloci e facili da configurare. Il &#8220;provisioning zero touch&#8221; si basa su un processo altamente automatizzato. Sono necessari solo 2 minuti per configurare ed attivare la rete senza la necessit\u00e0 di competenze specifiche per farla funzionare.[\/pergo_what_we_do_best][\/vc_column][\/vc_row][\/vc_section][vc_section][vc_row equal_height=&#8221;yes&#8221; content_placement=&#8221;middle&#8221;][vc_column width=&#8221;1\/2&#8243;][pergo_what_we_do_best subtitle=&#8221;&#8221; title=&#8221;PUNTI CHIAVE DISTINTIVI&#8221; lead_text=&#8221;&#8221;]VMware SD-WAN di VeloCloud \u00e8 un&#8217;architettura basata su cloud, focalizzata su semplicit\u00e0 di configurazione ed elevate prestazioni. Il suo algoritmo di routing overlay prende decisioni in tempo reale, pacchetto per pacchetto, richiedendo poche centinaia di millisecondi per essere eseguito. Le sessioni di traffico in tempo reale non cadono nemmeno in caso di gravi problemi di linea e picchi di banda sono \u00a0forniti aggregando pi\u00f9 collegamenti con il risultato di un&#8217;eccellente esperienza utente. Le sedi possono connettersi direttamente alle applicazioni cloud usando i vantaggi e le strategie di ottimizzazione dell\u2019SD-WAN per fornire un\u2019esperienza utente da branch a cloud ad alte prestazioni.[\/pergo_what_we_do_best][\/vc_column][vc_column css_animation=&#8221;none&#8221; width=&#8221;1\/2&#8243;][vc_column_text css_animation=&#8221;none&#8221;]<\/p>\n<h5 style=\"text-align: center; color: #f05155; font-weight: 100;\">VMware SD-WAN<\/h5>\n<p style=\"text-align: center;\"><img decoding=\"async\" class=\"alignnone wp-image-2500 size-full\" src=\"https:\/\/www.wanrise.com\/wp-content\/uploads\/2018\/12\/graph-03.svg\" alt=\"sd-wan overlay\" \/><\/p>\n<p>&nbsp;[\/vc_column_text][\/vc_column][\/vc_row][\/vc_section]<\/p>\n<\/div>","protected":false},"excerpt":{"rendered":"<p>[vc_section padding_class=&#8221;wide-100&#8243; bg_class=&#8221;bg-deepdark&#8221; css=&#8221;.vc_custom_1558099986802{background-image: url(https:\/\/www.wanrise.com\/wp-content\/uploads\/2019\/05\/global-connection-orange.jpg?id=2900) !important;background-position: center !important;background-repeat: no-repeat !important;background-size: cover !important;}&#8221;][vc_row][vc_column][pergo_hero_business_agency title=&#8221;SASE\/SD-WAN&#8221; lead_text=&#8221;\u00c8 un modo di approcciarsi alla \u201cdigital transformation\u201d semplificando il networking per le aziende multisede e assicurando prestazioni ottimali.&#8221; params=&#8221;%5B%7B%22button_text%22%3A%22Scopri%20di%20pi%C3%B9%22%2C%22button_url%22%3A%22%2Fit%2Fcontattaci%2F%22%2C%22button_target%22%3A%22_self%22%2C%22button_style%22%3A%22btn-tra-white%22%2C%22button_size%22%3A%22btn-md%22%7D%5D&#8221;][\/vc_column][\/vc_row][\/vc_section][vc_section padding_class=&#8221;wide-100&#8243;][vc_row][vc_column][pergo_section_title title=&#8221;Cosa sono {SASE\/SD-WAN}&#8221; subtitle=&#8221;L&#8217;ecosistema IT si&#8230;<\/p>\n","protected":false},"author":5,"featured_media":0,"parent":0,"menu_order":0,"comment_status":"closed","ping_status":"closed","template":"templates\/vc-template.php","meta":{"_coblocks_attr":"","_coblocks_dimensions":"","_coblocks_responsive_height":"","_coblocks_accordion_ie_support":"","inline_featured_image":false,"footnotes":""},"class_list":["post-3727","page","type-page","status-publish","hentry"],"yoast_head":"<!-- This site is optimized with the Yoast SEO plugin v27.1.1 - https:\/\/yoast.com\/product\/yoast-seo-wordpress\/ -->\n<title>SD-WAN: the ideal approach to simplify branch-office networking | Wanrise<\/title>\n<meta name=\"description\" content=\"Approach Wanrise for your enterprise SD-WAN and contact us for more information. Choose our simplicity and easy network operations.\" \/>\n<meta name=\"robots\" content=\"index, follow, max-snippet:-1, max-image-preview:large, max-video-preview:-1\" \/>\n<link rel=\"canonical\" href=\"https:\/\/www.wanrise.com\/it\/sd-wan\/\" \/>\n<meta property=\"og:locale\" content=\"it_IT\" \/>\n<meta property=\"og:type\" content=\"article\" \/>\n<meta property=\"og:title\" content=\"SD-WAN: the ideal approach to simplify branch-office networking | Wanrise\" \/>\n<meta property=\"og:description\" content=\"Approach Wanrise for your enterprise SD-WAN and contact us for more information. Choose our simplicity and easy network operations.\" \/>\n<meta property=\"og:url\" content=\"https:\/\/www.wanrise.com\/it\/sd-wan\/\" \/>\n<meta property=\"og:site_name\" content=\"Wanrise\" \/>\n<meta property=\"article:modified_time\" content=\"2023-05-24T15:48:53+00:00\" \/>\n<meta property=\"og:image\" content=\"https:\/\/www.wanrise.com\/wp-content\/uploads\/2018\/12\/graph-01-r2.svg\" \/>\n<meta name=\"twitter:card\" content=\"summary_large_image\" \/>\n<meta name=\"twitter:label1\" content=\"Tempo di lettura stimato\" \/>\n\t<meta name=\"twitter:data1\" content=\"6 minuti\" \/>\n<script type=\"application\/ld+json\" class=\"yoast-schema-graph\">{\"@context\":\"https:\/\/schema.org\",\"@graph\":[{\"@type\":\"WebPage\",\"@id\":\"https:\/\/www.wanrise.com\/it\/sd-wan\/\",\"url\":\"https:\/\/www.wanrise.com\/it\/sd-wan\/\",\"name\":\"SD-WAN: the ideal approach to simplify branch-office networking | Wanrise\",\"isPartOf\":{\"@id\":\"https:\/\/www.wanrise.com\/#website\"},\"primaryImageOfPage\":{\"@id\":\"https:\/\/www.wanrise.com\/it\/sd-wan\/#primaryimage\"},\"image\":{\"@id\":\"https:\/\/www.wanrise.com\/it\/sd-wan\/#primaryimage\"},\"thumbnailUrl\":\"https:\/\/www.wanrise.com\/wp-content\/uploads\/2018\/12\/graph-01-r2.svg\",\"datePublished\":\"2020-01-22T10:54:33+00:00\",\"dateModified\":\"2023-05-24T15:48:53+00:00\",\"description\":\"Approach Wanrise for your enterprise SD-WAN and contact us for more information. Choose our simplicity and easy network operations.\",\"breadcrumb\":{\"@id\":\"https:\/\/www.wanrise.com\/it\/sd-wan\/#breadcrumb\"},\"inLanguage\":\"it-IT\",\"potentialAction\":[{\"@type\":\"ReadAction\",\"target\":[\"https:\/\/www.wanrise.com\/it\/sd-wan\/\"]}]},{\"@type\":\"ImageObject\",\"inLanguage\":\"it-IT\",\"@id\":\"https:\/\/www.wanrise.com\/it\/sd-wan\/#primaryimage\",\"url\":\"https:\/\/www.wanrise.com\/wp-content\/uploads\/2018\/12\/graph-01-r2.svg\",\"contentUrl\":\"https:\/\/www.wanrise.com\/wp-content\/uploads\/2018\/12\/graph-01-r2.svg\"},{\"@type\":\"BreadcrumbList\",\"@id\":\"https:\/\/www.wanrise.com\/it\/sd-wan\/#breadcrumb\",\"itemListElement\":[{\"@type\":\"ListItem\",\"position\":1,\"name\":\"Home\",\"item\":\"https:\/\/www.wanrise.com\/it\/home\/\"},{\"@type\":\"ListItem\",\"position\":2,\"name\":\"SD-WAN\"}]},{\"@type\":\"WebSite\",\"@id\":\"https:\/\/www.wanrise.com\/#website\",\"url\":\"https:\/\/www.wanrise.com\/\",\"name\":\"Wanrise\",\"description\":\"The future of connectivity\",\"potentialAction\":[{\"@type\":\"SearchAction\",\"target\":{\"@type\":\"EntryPoint\",\"urlTemplate\":\"https:\/\/www.wanrise.com\/?s={search_term_string}\"},\"query-input\":{\"@type\":\"PropertyValueSpecification\",\"valueRequired\":true,\"valueName\":\"search_term_string\"}}],\"inLanguage\":\"it-IT\"}]}<\/script>\n<!-- \/ Yoast SEO plugin. -->","yoast_head_json":{"title":"SD-WAN: the ideal approach to simplify branch-office networking | Wanrise","description":"Approach Wanrise for your enterprise SD-WAN and contact us for more information. Choose our simplicity and easy network operations.","robots":{"index":"index","follow":"follow","max-snippet":"max-snippet:-1","max-image-preview":"max-image-preview:large","max-video-preview":"max-video-preview:-1"},"canonical":"https:\/\/www.wanrise.com\/it\/sd-wan\/","og_locale":"it_IT","og_type":"article","og_title":"SD-WAN: the ideal approach to simplify branch-office networking | Wanrise","og_description":"Approach Wanrise for your enterprise SD-WAN and contact us for more information. Choose our simplicity and easy network operations.","og_url":"https:\/\/www.wanrise.com\/it\/sd-wan\/","og_site_name":"Wanrise","article_modified_time":"2023-05-24T15:48:53+00:00","og_image":[{"url":"https:\/\/www.wanrise.com\/wp-content\/uploads\/2018\/12\/graph-01-r2.svg","type":"","width":"","height":""}],"twitter_card":"summary_large_image","twitter_misc":{"Tempo di lettura stimato":"6 minuti"},"schema":{"@context":"https:\/\/schema.org","@graph":[{"@type":"WebPage","@id":"https:\/\/www.wanrise.com\/it\/sd-wan\/","url":"https:\/\/www.wanrise.com\/it\/sd-wan\/","name":"SD-WAN: the ideal approach to simplify branch-office networking | Wanrise","isPartOf":{"@id":"https:\/\/www.wanrise.com\/#website"},"primaryImageOfPage":{"@id":"https:\/\/www.wanrise.com\/it\/sd-wan\/#primaryimage"},"image":{"@id":"https:\/\/www.wanrise.com\/it\/sd-wan\/#primaryimage"},"thumbnailUrl":"https:\/\/www.wanrise.com\/wp-content\/uploads\/2018\/12\/graph-01-r2.svg","datePublished":"2020-01-22T10:54:33+00:00","dateModified":"2023-05-24T15:48:53+00:00","description":"Approach Wanrise for your enterprise SD-WAN and contact us for more information. Choose our simplicity and easy network operations.","breadcrumb":{"@id":"https:\/\/www.wanrise.com\/it\/sd-wan\/#breadcrumb"},"inLanguage":"it-IT","potentialAction":[{"@type":"ReadAction","target":["https:\/\/www.wanrise.com\/it\/sd-wan\/"]}]},{"@type":"ImageObject","inLanguage":"it-IT","@id":"https:\/\/www.wanrise.com\/it\/sd-wan\/#primaryimage","url":"https:\/\/www.wanrise.com\/wp-content\/uploads\/2018\/12\/graph-01-r2.svg","contentUrl":"https:\/\/www.wanrise.com\/wp-content\/uploads\/2018\/12\/graph-01-r2.svg"},{"@type":"BreadcrumbList","@id":"https:\/\/www.wanrise.com\/it\/sd-wan\/#breadcrumb","itemListElement":[{"@type":"ListItem","position":1,"name":"Home","item":"https:\/\/www.wanrise.com\/it\/home\/"},{"@type":"ListItem","position":2,"name":"SD-WAN"}]},{"@type":"WebSite","@id":"https:\/\/www.wanrise.com\/#website","url":"https:\/\/www.wanrise.com\/","name":"Wanrise","description":"The future of connectivity","potentialAction":[{"@type":"SearchAction","target":{"@type":"EntryPoint","urlTemplate":"https:\/\/www.wanrise.com\/?s={search_term_string}"},"query-input":{"@type":"PropertyValueSpecification","valueRequired":true,"valueName":"search_term_string"}}],"inLanguage":"it-IT"}]}},"post_mailing_queue_ids":[],"_links":{"self":[{"href":"https:\/\/www.wanrise.com\/it\/wp-json\/wp\/v2\/pages\/3727","targetHints":{"allow":["GET"]}}],"collection":[{"href":"https:\/\/www.wanrise.com\/it\/wp-json\/wp\/v2\/pages"}],"about":[{"href":"https:\/\/www.wanrise.com\/it\/wp-json\/wp\/v2\/types\/page"}],"author":[{"embeddable":true,"href":"https:\/\/www.wanrise.com\/it\/wp-json\/wp\/v2\/users\/5"}],"replies":[{"embeddable":true,"href":"https:\/\/www.wanrise.com\/it\/wp-json\/wp\/v2\/comments?post=3727"}],"version-history":[{"count":4,"href":"https:\/\/www.wanrise.com\/it\/wp-json\/wp\/v2\/pages\/3727\/revisions"}],"predecessor-version":[{"id":4140,"href":"https:\/\/www.wanrise.com\/it\/wp-json\/wp\/v2\/pages\/3727\/revisions\/4140"}],"wp:attachment":[{"href":"https:\/\/www.wanrise.com\/it\/wp-json\/wp\/v2\/media?parent=3727"}],"curies":[{"name":"wp","href":"https:\/\/api.w.org\/{rel}","templated":true}]}}